{"id":3233,"date":"2024-12-20T18:07:23","date_gmt":"2024-12-20T16:07:23","guid":{"rendered":"https:\/\/www.aesclick.com\/public\/wordpress\/?page_id=3233"},"modified":"2024-12-20T18:07:26","modified_gmt":"2024-12-20T16:07:26","slug":"politica-de-cookies","status":"publish","type":"page","link":"https:\/\/www.aesclick.com\/public\/wordpress\/?page_id=3233","title":{"rendered":"Pol\u00edtica de Cookies"},"content":{"rendered":"\n<p>En Aesclick.com y en su foro, utilizamos cookies para mejorar la experiencia de nuestros usuarios, ofrecer contenidos personalizados y analizar el tr\u00e1fico de nuestra p\u00e1gina web. Al continuar navegando, aceptas el uso de cookies seg\u00fan lo descrito en esta pol\u00edtica.<\/p>\n\n\n\n<hr class=\"wp-block-separator has-alpha-channel-opacity\"\/>\n\n\n\n<h3 class=\"wp-block-heading\"><strong>\u00bfQu\u00e9 son las cookies?<\/strong><\/h3>\n\n\n\n<p>Las cookies son peque\u00f1os archivos de texto que se almacenan en tu dispositivo cuando visitas una p\u00e1gina web. Sirven para recordar tus preferencias, personalizar tu experiencia y mejorar el rendimiento del sitio.<\/p>\n\n\n\n<hr class=\"wp-block-separator has-alpha-channel-opacity\"\/>\n\n\n\n<h3 class=\"wp-block-heading\"><strong>Tipos de cookies que utilizamos<\/strong><\/h3>\n\n\n\n<ol class=\"wp-block-list\">\n<li><strong>Cookies necesarias:<\/strong><br>Estas cookies son esenciales para que el sitio web funcione correctamente. No almacenan informaci\u00f3n personal identificable.<\/li>\n\n\n\n<li><strong>Cookies de preferencias:<\/strong><br>Permiten recordar tus configuraciones, como el idioma o regi\u00f3n, para ofrecerte una experiencia m\u00e1s personalizada.<\/li>\n\n\n\n<li><strong>Cookies anal\u00edticas:<\/strong><br>Nos ayudan a entender c\u00f3mo los usuarios interact\u00faan con nuestro sitio, recopilando datos de manera an\u00f3nima para mejorar su funcionamiento.<\/li>\n\n\n\n<li><strong>Cookies publicitarias:<\/strong><br>Se utilizan para mostrar anuncios relevantes seg\u00fan tus intereses y medir la efectividad de nuestras campa\u00f1as publicitarias.<\/li>\n<\/ol>\n\n\n\n<hr class=\"wp-block-separator has-alpha-channel-opacity\"\/>\n\n\n\n<h3 class=\"wp-block-heading\"><strong>Gesti\u00f3n y desactivaci\u00f3n de cookies<\/strong><\/h3>\n\n\n\n<p>Puedes configurar tu navegador para aceptar o rechazar las cookies. A continuaci\u00f3n, te indicamos los enlaces a las instrucciones de los navegadores m\u00e1s comunes:<\/p>\n\n\n\n<ul class=\"wp-block-list\">\n<li><strong>Google Chrome:<\/strong> <a>Configuraci\u00f3n de cookies en Chrome<\/a><\/li>\n\n\n\n<li><strong>Mozilla Firefox:<\/strong> <a href=\"https:\/\/support.mozilla.org\/es\/kb\/habilitar-y-deshabilitar-cookies-sitios-web-rastrear-preferencias\">Configuraci\u00f3n de cookies en Firefox<\/a><\/li>\n\n\n\n<li><strong>Safari:<\/strong> <a href=\"https:\/\/support.apple.com\/es-es\/guide\/safari\/sfri11471\/mac\">Configuraci\u00f3n de cookies en Safari<\/a><\/li>\n\n\n\n<li><strong>Microsoft Edge:<\/strong> <a href=\"https:\/\/support.microsoft.com\/es-es\/microsoft-edge\/borrar-cookies-en-microsoft-edge-63947406-40ac-c3b8-57b9-2a946a29ae09\">Configuraci\u00f3n de cookies en Edge<\/a><\/li>\n<\/ul>\n\n\n\n<hr class=\"wp-block-separator has-alpha-channel-opacity\"\/>\n\n\n\n<h3 class=\"wp-block-heading\"><strong>Cambios en la pol\u00edtica de cookies<\/strong><\/h3>\n\n\n\n<p>Nos reservamos el derecho a modificar esta pol\u00edtica de cookies en cualquier momento. Te recomendamos revisarla peri\u00f3dicamente para estar informado sobre c\u00f3mo usamos las cookies.<\/p>\n\n\n\n<hr class=\"wp-block-separator has-alpha-channel-opacity\"\/>\n\n\n\n<h3 class=\"wp-block-heading\"><strong>Contacto<\/strong><\/h3>\n\n\n\n<p>Si tienes preguntas sobre nuestra pol\u00edtica de cookies, puedes contactarnos en:<br>Correo electr\u00f3nico:&nbsp;<a href=\"mailto:secretaria@aesclick.com\">secretaria@aesclick.com<\/a><\/p>\n","protected":false},"excerpt":{"rendered":"<p>En Aesclick.com y en su foro, utilizamos cookies para mejorar<\/p>\n","protected":false},"author":1,"featured_media":0,"parent":0,"menu_order":0,"comment_status":"closed","ping_status":"closed","template":"","meta":{"footnotes":""},"class_list":["post-3233","page","type-page","status-publish","hentry"],"_links":{"self":[{"href":"https:\/\/www.aesclick.com\/public\/wordpress\/index.php?rest_route=\/wp\/v2\/pages\/3233","targetHints":{"allow":["GET"]}}],"collection":[{"href":"https:\/\/www.aesclick.com\/public\/wordpress\/index.php?rest_route=\/wp\/v2\/pages"}],"about":[{"href":"https:\/\/www.aesclick.com\/public\/wordpress\/index.php?rest_route=\/wp\/v2\/types\/page"}],"author":[{"embeddable":true,"href":"https:\/\/www.aesclick.com\/public\/wordpress\/index.php?rest_route=\/wp\/v2\/users\/1"}],"replies":[{"embeddable":true,"href":"https:\/\/www.aesclick.com\/public\/wordpress\/index.php?rest_route=%2Fwp%2Fv2%2Fcomments&post=3233"}],"version-history":[{"count":1,"href":"https:\/\/www.aesclick.com\/public\/wordpress\/index.php?rest_route=\/wp\/v2\/pages\/3233\/revisions"}],"predecessor-version":[{"id":3234,"href":"https:\/\/www.aesclick.com\/public\/wordpress\/index.php?rest_route=\/wp\/v2\/pages\/3233\/revisions\/3234"}],"wp:attachment":[{"href":"https:\/\/www.aesclick.com\/public\/wordpress\/index.php?rest_route=%2Fwp%2Fv2%2Fmedia&parent=3233"}],"curies":[{"name":"wp","href":"https:\/\/api.w.org\/{rel}","templated":true}]}}